{"id":28,"date":"2018-06-18T12:33:16","date_gmt":"2018-06-18T12:33:16","guid":{"rendered":"http:\/\/www.alhaurinvistagolf.com\/?page_id=28"},"modified":"2022-10-04T15:23:37","modified_gmt":"2022-10-04T15:23:37","slug":"zdjecia","status":"publish","type":"page","link":"https:\/\/estrella.slgproperty.com\/pl\/fotos\/","title":{"rendered":"Zdj\u0119cia"},"content":{"rendered":"<div  class=\"content_row row vc_row wpb_row  default-style fullwidth\" >\n\t\n\t<div class=\"content_row_wrapper  fullwidth\" >\n\t<div id=\"asdasd\" class=\"vc_col-sm-12 wpb_column vc_column_container\" >\n\t<div class=\"vc_column-inner\">\n\t\t<div class=\"wpb_wrapper\" >\n\t\t\t\r\n\t\t\t<div class=\"rt-gallery clearfix  grid-gallery fixed_heights nogaps\" id=\"  \"><div class=\"row clearfix\">\n\r\n\t\t\t\t\t<div class=\"col col-sm-4 col-xs-12\">\r\n\t\t\t\t\t\t<div class=\"gallery-item-holder\">\r\n\t\t\t\t\t\t\t<a id=\"lightbox-309432\" class=\"imgeffect zoom rt_lightbox\" data-gal-id=\"\" data-rel=\"rt_lightbox\" title=\"Powi\u0119ksz obraz\" data-title=\"Estrella_overview_2\" data-sub-html=\"\" data-src=\"\" data-width=\"\" data-height=\"\" data-poster=\"\" data-autoplay=\"\" data-audiotitle=\"\" data-download-url=\"false\" href=\"https:\/\/estrelladelmar.info\/wp-content\/uploads\/2021\/10\/Estrella_overview_2.jpg\"><div class=\"image-thumbnail\"><img decoding=\"async\" src=\"https:\/\/estrella.slgproperty.com\/wp-content\/uploads\/2021\/10\/Estrella_overview_2-483x358.jpg\" alt=\"\"><\/div><\/a>\r\n\t\t\t\t\t\t<\/div>\r\n\t\t\t\t\t<\/div>\r\n\t\t\t\t\t<div class=\"col col-sm-4 col-xs-12\">\r\n\t\t\t\t\t\t<div class=\"gallery-item-holder\">\r\n\t\t\t\t\t\t\t<a id=\"lightbox-978231\" class=\"imgeffect zoom rt_lightbox\" data-gal-id=\"\" data-rel=\"rt_lightbox\" title=\"Powi\u0119ksz obraz\" data-title=\"Estrella_front\" data-sub-html=\"\" data-src=\"\" data-width=\"\" data-height=\"\" data-poster=\"\" data-autoplay=\"\" data-audiotitle=\"\" data-download-url=\"false\" href=\"https:\/\/estrelladelmar.info\/wp-content\/uploads\/2021\/10\/Estrella_front.jpg\"><div class=\"image-thumbnail\"><img decoding=\"async\" src=\"https:\/\/estrella.slgproperty.com\/wp-content\/uploads\/2021\/10\/Estrella_front-483x358.jpg\" alt=\"\"><\/div><\/a>\r\n\t\t\t\t\t\t<\/div>\r\n\t\t\t\t\t<\/div>\r\n\t\t\t\t\t<div class=\"col col-sm-4 col-xs-12\">\r\n\t\t\t\t\t\t<div class=\"gallery-item-holder\">\r\n\t\t\t\t\t\t\t<a id=\"lightbox-726507\" class=\"imgeffect zoom rt_lightbox\" data-gal-id=\"\" data-rel=\"rt_lightbox\" title=\"Powi\u0119ksz obraz\" data-title=\"Estrella_garden\" data-sub-html=\"\" data-src=\"\" data-width=\"\" data-height=\"\" data-poster=\"\" data-autoplay=\"\" data-audiotitle=\"\" data-download-url=\"false\" href=\"https:\/\/estrelladelmar.info\/wp-content\/uploads\/2021\/10\/Estrella_garden.jpg\"><div class=\"image-thumbnail\"><img decoding=\"async\" src=\"https:\/\/estrella.slgproperty.com\/wp-content\/uploads\/2021\/10\/Estrella_garden-483x358.jpg\" alt=\"\"><\/div><\/a>\r\n\t\t\t\t\t\t<\/div>\r\n\t\t\t\t\t<\/div><\/div>\n<div class=\"row clearfix\">\n\r\n\t\t\t\t\t<div class=\"col col-sm-4 col-xs-12\">\r\n\t\t\t\t\t\t<div class=\"gallery-item-holder\">\r\n\t\t\t\t\t\t\t<a id=\"lightbox-847633\" class=\"imgeffect zoom rt_lightbox\" data-gal-id=\"\" data-rel=\"rt_lightbox\" title=\"Powi\u0119ksz obraz\" data-title=\"header meer info_EDM\" data-sub-html=\"\" data-src=\"\" data-width=\"\" data-height=\"\" data-poster=\"\" data-autoplay=\"\" data-audiotitle=\"\" data-download-url=\"false\" href=\"https:\/\/estrelladelmar.info\/wp-content\/uploads\/2021\/10\/header-meer-info_EDM.jpg\"><div class=\"image-thumbnail\"><img decoding=\"async\" src=\"https:\/\/estrella.slgproperty.com\/wp-content\/uploads\/2021\/10\/header-meer-info_EDM-483x358.jpg\" alt=\"\"><\/div><\/a>\r\n\t\t\t\t\t\t<\/div>\r\n\t\t\t\t\t<\/div>\r\n\t\t\t\t\t<div class=\"col col-sm-4 col-xs-12\">\r\n\t\t\t\t\t\t<div class=\"gallery-item-holder\">\r\n\t\t\t\t\t\t\t<a id=\"lightbox-746532\" class=\"imgeffect zoom rt_lightbox\" data-gal-id=\"\" data-rel=\"rt_lightbox\" title=\"Powi\u0119ksz obraz\" data-title=\"Estrella_bedroom\" data-sub-html=\"\" data-src=\"\" data-width=\"\" data-height=\"\" data-poster=\"\" data-autoplay=\"\" data-audiotitle=\"\" data-download-url=\"false\" href=\"https:\/\/estrelladelmar.info\/wp-content\/uploads\/2021\/10\/Estrella_bedroom.jpg\"><div class=\"image-thumbnail\"><img decoding=\"async\" src=\"https:\/\/estrella.slgproperty.com\/wp-content\/uploads\/2021\/10\/Estrella_bedroom-483x358.jpg\" alt=\"estrella del mar - marbella - sypialnia 2\"><\/div><\/a>\r\n\t\t\t\t\t\t<\/div>\r\n\t\t\t\t\t<\/div>\r\n\t\t\t\t\t<div class=\"col col-sm-4 col-xs-12\">\r\n\t\t\t\t\t\t<div class=\"gallery-item-holder\">\r\n\t\t\t\t\t\t\t<a id=\"lightbox-327063\" class=\"imgeffect zoom rt_lightbox\" data-gal-id=\"\" data-rel=\"rt_lightbox\" title=\"Powi\u0119ksz obraz\" data-title=\"Estrella_living_2\" data-sub-html=\"\" data-src=\"\" data-width=\"\" data-height=\"\" data-poster=\"\" data-autoplay=\"\" data-audiotitle=\"\" data-download-url=\"false\" href=\"https:\/\/estrelladelmar.info\/wp-content\/uploads\/2021\/10\/Estrella_living_2.jpg\"><div class=\"image-thumbnail\"><img decoding=\"async\" src=\"https:\/\/estrella.slgproperty.com\/wp-content\/uploads\/2021\/10\/Estrella_living_2-483x358.jpg\" alt=\"\"><\/div><\/a>\r\n\t\t\t\t\t\t<\/div>\r\n\t\t\t\t\t<\/div><\/div>\n<div class=\"row clearfix\">\n\r\n\t\t\t\t\t<div class=\"col col-sm-4 col-xs-12\">\r\n\t\t\t\t\t\t<div class=\"gallery-item-holder\">\r\n\t\t\t\t\t\t\t<a id=\"lightbox-818370\" class=\"imgeffect zoom rt_lightbox\" data-gal-id=\"\" data-rel=\"rt_lightbox\" title=\"Powi\u0119ksz obraz\" data-title=\"Estrella_living\" data-sub-html=\"\" data-src=\"\" data-width=\"\" data-height=\"\" data-poster=\"\" data-autoplay=\"\" data-audiotitle=\"\" data-download-url=\"false\" href=\"https:\/\/estrelladelmar.info\/wp-content\/uploads\/2021\/10\/Estrella_living.jpg\"><div class=\"image-thumbnail\"><img decoding=\"async\" src=\"https:\/\/estrella.slgproperty.com\/wp-content\/uploads\/2021\/10\/Estrella_living-483x358.jpg\" alt=\"\"><\/div><\/a>\r\n\t\t\t\t\t\t<\/div>\r\n\t\t\t\t\t<\/div>\r\n\t\t\t\t\t<div class=\"col col-sm-4 col-xs-12\">\r\n\t\t\t\t\t\t<div class=\"gallery-item-holder\">\r\n\t\t\t\t\t\t\t<a id=\"lightbox-968678\" class=\"imgeffect zoom rt_lightbox\" data-gal-id=\"\" data-rel=\"rt_lightbox\" title=\"Powi\u0119ksz obraz\" data-title=\"Estrella_terras_2\" data-sub-html=\"\" data-src=\"\" data-width=\"\" data-height=\"\" data-poster=\"\" data-autoplay=\"\" data-audiotitle=\"\" data-download-url=\"false\" href=\"https:\/\/estrelladelmar.info\/wp-content\/uploads\/2021\/10\/Estrella_terras_2.jpg\"><div class=\"image-thumbnail\"><img decoding=\"async\" src=\"https:\/\/estrella.slgproperty.com\/wp-content\/uploads\/2021\/10\/Estrella_terras_2-483x358.jpg\" alt=\"\"><\/div><\/a>\r\n\t\t\t\t\t\t<\/div>\r\n\t\t\t\t\t<\/div>\r\n\t\t\t\t\t<div class=\"col col-sm-4 col-xs-12\">\r\n\t\t\t\t\t\t<div class=\"gallery-item-holder\">\r\n\t\t\t\t\t\t\t<a id=\"lightbox-808281\" class=\"imgeffect zoom rt_lightbox\" data-gal-id=\"\" data-rel=\"rt_lightbox\" title=\"Powi\u0119ksz obraz\" data-title=\"quote_main_EDM\" data-sub-html=\"\" data-src=\"\" data-width=\"\" data-height=\"\" data-poster=\"\" data-autoplay=\"\" data-audiotitle=\"\" data-download-url=\"false\" href=\"https:\/\/estrelladelmar.info\/wp-content\/uploads\/2021\/10\/quote_main_EDM.jpg\"><div class=\"image-thumbnail\"><img decoding=\"async\" src=\"https:\/\/estrella.slgproperty.com\/wp-content\/uploads\/2021\/10\/quote_main_EDM-483x358.jpg\" alt=\"\"><\/div><\/a>\r\n\t\t\t\t\t\t<\/div>\r\n\t\t\t\t\t<\/div><\/div>\n<div class=\"row clearfix\">\n\r\n\t\t\t\t\t<div class=\"col col-sm-4 col-xs-12\">\r\n\t\t\t\t\t\t<div class=\"gallery-item-holder\">\r\n\t\t\t\t\t\t\t<a id=\"lightbox-136396\" class=\"imgeffect zoom rt_lightbox\" data-gal-id=\"\" data-rel=\"rt_lightbox\" title=\"Powi\u0119ksz obraz\" data-title=\"Estrella_bathroom\" data-sub-html=\"\" data-src=\"\" data-width=\"\" data-height=\"\" data-poster=\"\" data-autoplay=\"\" data-audiotitle=\"\" data-download-url=\"false\" href=\"https:\/\/estrelladelmar.info\/wp-content\/uploads\/2021\/10\/Estrella_bathroom.jpg\"><div class=\"image-thumbnail\"><img decoding=\"async\" src=\"https:\/\/estrella.slgproperty.com\/wp-content\/uploads\/2021\/10\/Estrella_bathroom-483x358.jpg\" alt=\"estrella del mar - marbella - \u0142azienka\"><\/div><\/a>\r\n\t\t\t\t\t\t<\/div>\r\n\t\t\t\t\t<\/div>\r\n\t\t\t\t\t<div class=\"col col-sm-4 col-xs-12\">\r\n\t\t\t\t\t\t<div class=\"gallery-item-holder\">\r\n\t\t\t\t\t\t\t<a id=\"lightbox-321200\" class=\"imgeffect zoom rt_lightbox\" data-gal-id=\"\" data-rel=\"rt_lightbox\" title=\"Powi\u0119ksz obraz\" data-title=\"Estrella_bedroom_2\" data-sub-html=\"\" data-src=\"\" data-width=\"\" data-height=\"\" data-poster=\"\" data-autoplay=\"\" data-audiotitle=\"\" data-download-url=\"false\" href=\"https:\/\/estrelladelmar.info\/wp-content\/uploads\/2021\/10\/Estrella_bedroom_2.jpg\"><div class=\"image-thumbnail\"><img decoding=\"async\" src=\"https:\/\/estrella.slgproperty.com\/wp-content\/uploads\/2021\/10\/Estrella_bedroom_2-483x358.jpg\" alt=\"estrella del mar - marbella - sypialnia\"><\/div><\/a>\r\n\t\t\t\t\t\t<\/div>\r\n\t\t\t\t\t<\/div>\r\n\t\t\t\t\t<div class=\"col col-sm-4 col-xs-12\">\r\n\t\t\t\t\t\t<div class=\"gallery-item-holder\">\r\n\t\t\t\t\t\t\t<a id=\"lightbox-422730\" class=\"imgeffect zoom rt_lightbox\" data-gal-id=\"\" data-rel=\"rt_lightbox\" title=\"Powi\u0119ksz obraz\" data-title=\"estrella-del-mar-garden - kopie\" data-sub-html=\"\" data-src=\"\" data-width=\"\" data-height=\"\" data-poster=\"\" data-autoplay=\"\" data-audiotitle=\"\" data-download-url=\"false\" href=\"https:\/\/estrelladelmar.info\/wp-content\/uploads\/2022\/01\/estrella-del-mar-garden-kopie.jpg\"><div class=\"image-thumbnail\"><img decoding=\"async\" src=\"https:\/\/estrella.slgproperty.com\/wp-content\/uploads\/2022\/01\/estrella-del-mar-garden-kopie-483x358.jpg\" alt=\"estrella del mar - marbella - ogr\u00f3d\"><\/div><\/a>\r\n\t\t\t\t\t\t<\/div>\r\n\t\t\t\t\t<\/div><\/div>\n<div class=\"row clearfix\">\n\r\n\t\t\t\t\t<div class=\"col col-sm-4 col-xs-12\">\r\n\t\t\t\t\t\t<div class=\"gallery-item-holder\">\r\n\t\t\t\t\t\t\t<a id=\"lightbox-944879\" class=\"imgeffect zoom rt_lightbox\" data-gal-id=\"\" data-rel=\"rt_lightbox\" title=\"Powi\u0119ksz obraz\" data-title=\"estrella-del-mar-marbella-bird-patio - kopie\" data-sub-html=\"\" data-src=\"\" data-width=\"\" data-height=\"\" data-poster=\"\" data-autoplay=\"\" data-audiotitle=\"\" data-download-url=\"false\" href=\"https:\/\/estrelladelmar.info\/wp-content\/uploads\/2022\/01\/estrella-del-mar-marbella-bird-patio-kopie.jpg\"><div class=\"image-thumbnail\"><img decoding=\"async\" src=\"https:\/\/estrella.slgproperty.com\/wp-content\/uploads\/2022\/01\/estrella-del-mar-marbella-bird-patio-kopie-483x358.jpg\" alt=\"estrella del mar - marbella - patio\"><\/div><\/a>\r\n\t\t\t\t\t\t<\/div>\r\n\t\t\t\t\t<\/div>\r\n\t\t\t\t\t<div class=\"col col-sm-4 col-xs-12\">\r\n\t\t\t\t\t\t<div class=\"gallery-item-holder\">\r\n\t\t\t\t\t\t\t<a id=\"lightbox-156115\" class=\"imgeffect zoom rt_lightbox\" data-gal-id=\"\" data-rel=\"rt_lightbox\" title=\"Powi\u0119ksz obraz\" data-title=\"estrella-del-mar-marbella-bird-view2\" data-sub-html=\"\" data-src=\"\" data-width=\"\" data-height=\"\" data-poster=\"\" data-autoplay=\"\" data-audiotitle=\"\" data-download-url=\"false\" href=\"https:\/\/estrelladelmar.info\/wp-content\/uploads\/2022\/01\/estrella-del-mar-marbella-bird-view2.jpg\"><div class=\"image-thumbnail\"><img decoding=\"async\" src=\"https:\/\/estrella.slgproperty.com\/wp-content\/uploads\/2022\/01\/estrella-del-mar-marbella-bird-view2-483x358.jpg\" alt=\"estrella del mar - marbella - zobacz kompleks\"><\/div><\/a>\r\n\t\t\t\t\t\t<\/div>\r\n\t\t\t\t\t<\/div>\r\n\t\t\t\t\t<div class=\"col col-sm-4 col-xs-12\">\r\n\t\t\t\t\t\t<div class=\"gallery-item-holder\">\r\n\t\t\t\t\t\t\t<a id=\"lightbox-501146\" class=\"imgeffect zoom rt_lightbox\" data-gal-id=\"\" data-rel=\"rt_lightbox\" title=\"Powi\u0119ksz obraz\" data-title=\"estrella-del-mar-marbella-living - kopie\" data-sub-html=\"\" data-src=\"\" data-width=\"\" data-height=\"\" data-poster=\"\" data-autoplay=\"\" data-audiotitle=\"\" data-download-url=\"false\" href=\"https:\/\/estrelladelmar.info\/wp-content\/uploads\/2022\/01\/estrella-del-mar-marbella-living-kopie.jpg\"><div class=\"image-thumbnail\"><img decoding=\"async\" src=\"https:\/\/estrella.slgproperty.com\/wp-content\/uploads\/2022\/01\/estrella-del-mar-marbella-living-kopie-483x358.jpg\" alt=\"estrella del mar - marbella - mieszkanie 3\"><\/div><\/a>\r\n\t\t\t\t\t\t<\/div>\r\n\t\t\t\t\t<\/div><\/div>\n<div class=\"row clearfix\">\n\r\n\t\t\t\t\t<div class=\"col col-sm-4 col-xs-12\">\r\n\t\t\t\t\t\t<div class=\"gallery-item-holder\">\r\n\t\t\t\t\t\t\t<a id=\"lightbox-707465\" class=\"imgeffect zoom rt_lightbox\" data-gal-id=\"\" data-rel=\"rt_lightbox\" title=\"Powi\u0119ksz obraz\" data-title=\"estrella-del-mar-marbella-living2 - kopie\" data-sub-html=\"\" data-src=\"\" data-width=\"\" data-height=\"\" data-poster=\"\" data-autoplay=\"\" data-audiotitle=\"\" data-download-url=\"false\" href=\"https:\/\/estrelladelmar.info\/wp-content\/uploads\/2022\/01\/estrella-del-mar-marbella-living2-kopie.jpg\"><div class=\"image-thumbnail\"><img decoding=\"async\" src=\"https:\/\/estrella.slgproperty.com\/wp-content\/uploads\/2022\/01\/estrella-del-mar-marbella-living2-kopie-483x358.jpg\" alt=\"estrella del mar - marbella - mieszkanie 3\"><\/div><\/a>\r\n\t\t\t\t\t\t<\/div>\r\n\t\t\t\t\t<\/div>\r\n\t\t\t\t\t<div class=\"col col-sm-4 col-xs-12\">\r\n\t\t\t\t\t\t<div class=\"gallery-item-holder\">\r\n\t\t\t\t\t\t\t<a id=\"lightbox-599083\" class=\"imgeffect zoom rt_lightbox\" data-gal-id=\"\" data-rel=\"rt_lightbox\" title=\"Powi\u0119ksz obraz\" data-title=\"estrella-del-mar-marbella-living3 - kopie\" data-sub-html=\"\" data-src=\"\" data-width=\"\" data-height=\"\" data-poster=\"\" data-autoplay=\"\" data-audiotitle=\"\" data-download-url=\"false\" href=\"https:\/\/estrelladelmar.info\/wp-content\/uploads\/2022\/01\/estrella-del-mar-marbella-living3-kopie.jpg\"><div class=\"image-thumbnail\"><img decoding=\"async\" src=\"https:\/\/estrella.slgproperty.com\/wp-content\/uploads\/2022\/01\/estrella-del-mar-marbella-living3-kopie-483x358.jpg\" alt=\"estrella del mar - marbella - mieszka 2\"><\/div><\/a>\r\n\t\t\t\t\t\t<\/div>\r\n\t\t\t\t\t<\/div>\r\n\t\t\t\t\t<div class=\"col col-sm-4 col-xs-12\">\r\n\t\t\t\t\t\t<div class=\"gallery-item-holder\">\r\n\t\t\t\t\t\t\t<a id=\"lightbox-955184\" class=\"imgeffect zoom rt_lightbox\" data-gal-id=\"\" data-rel=\"rt_lightbox\" title=\"Powi\u0119ksz obraz\" data-title=\"estrella-del-mar-marbella-living-penthouse\" data-sub-html=\"\" data-src=\"\" data-width=\"\" data-height=\"\" data-poster=\"\" data-autoplay=\"\" data-audiotitle=\"\" data-download-url=\"false\" href=\"https:\/\/estrelladelmar.info\/wp-content\/uploads\/2022\/01\/estrella-del-mar-marbella-living-penthouse.jpg\"><div class=\"image-thumbnail\"><img decoding=\"async\" src=\"https:\/\/estrella.slgproperty.com\/wp-content\/uploads\/2022\/01\/estrella-del-mar-marbella-living-penthouse-483x358.jpg\" alt=\"estrella del mar - marbella - mieszkaj\u0105ca\"><\/div><\/a>\r\n\t\t\t\t\t\t<\/div>\r\n\t\t\t\t\t<\/div><\/div>\n<div class=\"row clearfix\">\n\r\n\t\t\t\t\t<div class=\"col col-sm-4 col-xs-12\">\r\n\t\t\t\t\t\t<div class=\"gallery-item-holder\">\r\n\t\t\t\t\t\t\t<a id=\"lightbox-978556\" class=\"imgeffect zoom rt_lightbox\" data-gal-id=\"\" data-rel=\"rt_lightbox\" title=\"Powi\u0119ksz obraz\" data-title=\"estrella-del-mar-marbella-slaapkamer1\" data-sub-html=\"\" data-src=\"\" data-width=\"\" data-height=\"\" data-poster=\"\" data-autoplay=\"\" data-audiotitle=\"\" data-download-url=\"false\" href=\"https:\/\/estrelladelmar.info\/wp-content\/uploads\/2022\/01\/estrella-del-mar-marbella-slaapkamer1.jpg\"><div class=\"image-thumbnail\"><img decoding=\"async\" src=\"https:\/\/estrella.slgproperty.com\/wp-content\/uploads\/2022\/01\/estrella-del-mar-marbella-slaapkamer1-483x358.jpg\" alt=\"estrella del mar - marbella - sypialnia 3\"><\/div><\/a>\r\n\t\t\t\t\t\t<\/div>\r\n\t\t\t\t\t<\/div>\r\n\t\t\t\t\t<div class=\"col col-sm-4 col-xs-12\">\r\n\t\t\t\t\t\t<div class=\"gallery-item-holder\">\r\n\t\t\t\t\t\t\t<a id=\"lightbox-590025\" class=\"imgeffect zoom rt_lightbox\" data-gal-id=\"\" data-rel=\"rt_lightbox\" title=\"Powi\u0119ksz obraz\" data-title=\"estrella-del-mar-marbella-swimming-pool\" data-sub-html=\"\" data-src=\"\" data-width=\"\" data-height=\"\" data-poster=\"\" data-autoplay=\"\" data-audiotitle=\"\" data-download-url=\"false\" href=\"https:\/\/estrelladelmar.info\/wp-content\/uploads\/2022\/01\/estrella-del-mar-marbella-swimming-pool.jpg\"><div class=\"image-thumbnail\"><img decoding=\"async\" src=\"https:\/\/estrella.slgproperty.com\/wp-content\/uploads\/2022\/01\/estrella-del-mar-marbella-swimming-pool-483x358.jpg\" alt=\"estrella del mar - marbella - basen\"><\/div><\/a>\r\n\t\t\t\t\t\t<\/div>\r\n\t\t\t\t\t<\/div>\r\n\t\t\t\t\t<div class=\"col col-sm-4 col-xs-12\">\r\n\t\t\t\t\t\t<div class=\"gallery-item-holder\">\r\n\t\t\t\t\t\t\t<a id=\"lightbox-152208\" class=\"imgeffect zoom rt_lightbox\" data-gal-id=\"\" data-rel=\"rt_lightbox\" title=\"Powi\u0119ksz obraz\" data-title=\"estrella-del-mar-marbella-terrace2\" data-sub-html=\"\" data-src=\"\" data-width=\"\" data-height=\"\" data-poster=\"\" data-autoplay=\"\" data-audiotitle=\"\" data-download-url=\"false\" href=\"https:\/\/estrelladelmar.info\/wp-content\/uploads\/2022\/01\/estrella-del-mar-marbella-terrace2.jpg\"><div class=\"image-thumbnail\"><img decoding=\"async\" src=\"https:\/\/estrella.slgproperty.com\/wp-content\/uploads\/2022\/01\/estrella-del-mar-marbella-terrace2-483x358.jpg\" alt=\"estrella del mar - marbella - taras\"><\/div><\/a>\r\n\t\t\t\t\t\t<\/div>\r\n\t\t\t\t\t<\/div><\/div>\n<div class=\"row clearfix\">\n\r\n\t\t\t\t\t<div class=\"col col-sm-4 col-xs-12\">\r\n\t\t\t\t\t\t<div class=\"gallery-item-holder\">\r\n\t\t\t\t\t\t\t<a id=\"lightbox-998227\" class=\"imgeffect zoom rt_lightbox\" data-gal-id=\"\" data-rel=\"rt_lightbox\" title=\"Powi\u0119ksz obraz\" data-title=\"marbella-estrella-the-beach-house\" data-sub-html=\"\" data-src=\"\" data-width=\"\" data-height=\"\" data-poster=\"\" data-autoplay=\"\" data-audiotitle=\"\" data-download-url=\"false\" href=\"https:\/\/estrelladelmar.info\/wp-content\/uploads\/2022\/01\/marbella-estrella-the-beach-house.jpg\"><div class=\"image-thumbnail\"><img decoding=\"async\" src=\"https:\/\/estrella.slgproperty.com\/wp-content\/uploads\/2022\/01\/marbella-estrella-the-beach-house-483x358.jpg\" alt=\"estrella del mar - marbella - klub pla\u017cowy\"><\/div><\/a>\r\n\t\t\t\t\t\t<\/div>\r\n\t\t\t\t\t<\/div>\r\n\t\t\t\t\t<div class=\"col col-sm-4 col-xs-12\">\r\n\t\t\t\t\t\t<div class=\"gallery-item-holder\">\r\n\t\t\t\t\t\t\t<a id=\"lightbox-106778\" class=\"imgeffect zoom rt_lightbox\" data-gal-id=\"\" data-rel=\"rt_lightbox\" title=\"Powi\u0119ksz obraz\" data-title=\"estrella-del-mar-building-plot-marbella\" data-sub-html=\"\" data-src=\"\" data-width=\"\" data-height=\"\" data-poster=\"\" data-autoplay=\"\" data-audiotitle=\"\" data-download-url=\"false\" href=\"https:\/\/estrelladelmar.info\/wp-content\/uploads\/2022\/02\/estrella-del-mar-building-plot-marbella.jpeg\"><div class=\"image-thumbnail\"><img decoding=\"async\" src=\"https:\/\/estrella.slgproperty.com\/wp-content\/uploads\/2022\/02\/estrella-del-mar-building-plot-marbella-483x358.jpeg\" alt=\"dzia\u0142ka budowlana estrella del mar\"><\/div><\/a>\r\n\t\t\t\t\t\t<\/div>\r\n\t\t\t\t\t<\/div>\r\n\t\t\t\t\t<div class=\"col col-sm-4 col-xs-12\">\r\n\t\t\t\t\t\t<div class=\"gallery-item-holder\">\r\n\t\t\t\t\t\t\t<a id=\"lightbox-475774\" class=\"imgeffect zoom rt_lightbox\" data-gal-id=\"\" data-rel=\"rt_lightbox\" title=\"Powi\u0119ksz obraz\" data-title=\"estrella-del-mar-beach\" data-sub-html=\"\" data-src=\"\" data-width=\"\" data-height=\"\" data-poster=\"\" data-autoplay=\"\" data-audiotitle=\"\" data-download-url=\"false\" href=\"https:\/\/estrelladelmar.info\/wp-content\/uploads\/2022\/02\/estrella-del-mar-beach.jpg\"><div class=\"image-thumbnail\"><img decoding=\"async\" src=\"https:\/\/estrella.slgproperty.com\/wp-content\/uploads\/2022\/02\/estrella-del-mar-beach-483x358.jpg\" alt=\"pla\u017ca estrella del mar marbella\"><\/div><\/a>\r\n\t\t\t\t\t\t<\/div>\r\n\t\t\t\t\t<\/div><\/div>\n<div class=\"row clearfix\">\n\r\n\t\t\t\t\t<div class=\"col col-sm-4 col-xs-12\">\r\n\t\t\t\t\t\t<div class=\"gallery-item-holder\">\r\n\t\t\t\t\t\t\t<a id=\"lightbox-863815\" class=\"imgeffect zoom rt_lightbox\" data-gal-id=\"\" data-rel=\"rt_lightbox\" title=\"Powi\u0119ksz obraz\" data-title=\"estrella-del-mar-beach2\" data-sub-html=\"\" data-src=\"\" data-width=\"\" data-height=\"\" data-poster=\"\" data-autoplay=\"\" data-audiotitle=\"\" data-download-url=\"false\" href=\"https:\/\/estrelladelmar.info\/wp-content\/uploads\/2022\/02\/estrella-del-mar-beach2.jpg\"><div class=\"image-thumbnail\"><img decoding=\"async\" src=\"https:\/\/estrella.slgproperty.com\/wp-content\/uploads\/2022\/02\/estrella-del-mar-beach2-483x358.jpg\" alt=\"pla\u017ca estrella del mar marbella\"><\/div><\/a>\r\n\t\t\t\t\t\t<\/div>\r\n\t\t\t\t\t<\/div>\r\n\t\t\t\t\t<div class=\"col col-sm-4 col-xs-12\">\r\n\t\t\t\t\t\t<div class=\"gallery-item-holder\">\r\n\t\t\t\t\t\t\t<a id=\"lightbox-289548\" class=\"imgeffect zoom rt_lightbox\" data-gal-id=\"\" data-rel=\"rt_lightbox\" title=\"Powi\u0119ksz obraz\" data-title=\"estrella-del-mar-building-ground-near-beach\" data-sub-html=\"\" data-src=\"\" data-width=\"\" data-height=\"\" data-poster=\"\" data-autoplay=\"\" data-audiotitle=\"\" data-download-url=\"false\" href=\"https:\/\/estrelladelmar.info\/wp-content\/uploads\/2022\/02\/estrella-del-mar-building-ground-near-beach.jpg\"><div class=\"image-thumbnail\"><img decoding=\"async\" src=\"https:\/\/estrella.slgproperty.com\/wp-content\/uploads\/2022\/02\/estrella-del-mar-building-ground-near-beach-483x358.jpg\" alt=\"estrella del mar dzia\u0142ka budowlana pla\u017ca i morze?\"><\/div><\/a>\r\n\t\t\t\t\t\t<\/div>\r\n\t\t\t\t\t<\/div>\r\n\t\t\t\t\t<div class=\"col col-sm-4 col-xs-12\">\r\n\t\t\t\t\t\t<div class=\"gallery-item-holder\">\r\n\t\t\t\t\t\t\t<a id=\"lightbox-482829\" class=\"imgeffect zoom rt_lightbox\" data-gal-id=\"\" data-rel=\"rt_lightbox\" title=\"Powi\u0119ksz obraz\" data-title=\"estrella-del-mar-beach\" data-sub-html=\"\" data-src=\"\" data-width=\"\" data-height=\"\" data-poster=\"\" data-autoplay=\"\" data-audiotitle=\"\" data-download-url=\"false\" href=\"https:\/\/estrelladelmar.info\/wp-content\/uploads\/2022\/02\/estrella-del-mar-beach.mp4\"><div class=\"image-thumbnail\"><img decoding=\"async\" src=\"\" alt=\"\"><\/div><\/a>\r\n\t\t\t\t\t\t<\/div>\r\n\t\t\t\t\t<\/div><\/div>\n<div class=\"row clearfix\">\n\r\n\t\t\t\t\t<div class=\"col col-sm-4 col-xs-12\">\r\n\t\t\t\t\t\t<div class=\"gallery-item-holder\">\r\n\t\t\t\t\t\t\t<a id=\"lightbox-292167\" class=\"imgeffect zoom rt_lightbox\" data-gal-id=\"\" data-rel=\"rt_lightbox\" title=\"Powi\u0119ksz obraz\" data-title=\"estrella-del-mars-video-location-near-beach\" data-sub-html=\"\" data-src=\"\" data-width=\"\" data-height=\"\" data-poster=\"\" data-autoplay=\"\" data-audiotitle=\"\" data-download-url=\"false\" href=\"https:\/\/estrelladelmar.info\/wp-content\/uploads\/2022\/02\/estrella-del-mars-video-location-near-beach.mp4\"><div class=\"image-thumbnail\"><img decoding=\"async\" src=\"\" alt=\"\"><\/div><\/a>\r\n\t\t\t\t\t\t<\/div>\r\n\t\t\t\t\t<\/div><\/div>\n<\/div> \r\n\t\t\n\t\t<\/div>\n\t<\/div>\n\t<\/div>\n\n<\/div>\n<\/div>\n\n<div  class=\"content_row row vc_row wpb_row  default-style fullwidth\" >\n\t\n\t<div class=\"content_row_wrapper  default\" >\n\t<div id=\"asdasd\" class=\"vc_col-sm-12 wpb_column vc_column_container\" >\n\t<div class=\"vc_column-inner\">\n\t\t<div class=\"wpb_wrapper\" >\n\t\t\t\n\t<div class=\"wpb_text_column wpb_content_element\" >\n\t\t<div class=\"wpb_wrapper\">\n\t\t\t<p style=\"text-align: center;\">Cz\u0119\u015bciowo zdj\u0119cia wykona\u0142a Estrella del Mar I \u2013 strona zostanie zaktualizowana, gdy tylko b\u0119d\u0105 dost\u0119pne.<\/p>\n\n\t\t<\/div>\n\t<\/div>\n\n\t\t<\/div>\n\t<\/div>\n\t<\/div>\n\n<\/div>\n<\/div>","protected":false},"excerpt":{"rendered":"<p>\u2026 <a class=\"more-link\" href=\"https:\/\/estrella.slgproperty.com\/pl\/fotos\/\">Kontynuuj czytanie<\/a><\/p>","protected":false},"author":1,"featured_media":0,"parent":0,"menu_order":0,"comment_status":"closed","ping_status":"closed","template":"","meta":{"footnotes":""},"class_list":["post-28","page","type-page","status-publish","hentry"],"_links":{"self":[{"href":"https:\/\/estrella.slgproperty.com\/pl\/wp-json\/wp\/v2\/pages\/28","targetHints":{"allow":["GET"]}}],"collection":[{"href":"https:\/\/estrella.slgproperty.com\/pl\/wp-json\/wp\/v2\/pages"}],"about":[{"href":"https:\/\/estrella.slgproperty.com\/pl\/wp-json\/wp\/v2\/types\/page"}],"author":[{"embeddable":true,"href":"https:\/\/estrella.slgproperty.com\/pl\/wp-json\/wp\/v2\/users\/1"}],"replies":[{"embeddable":true,"href":"https:\/\/estrella.slgproperty.com\/pl\/wp-json\/wp\/v2\/comments?post=28"}],"version-history":[{"count":33,"href":"https:\/\/estrella.slgproperty.com\/pl\/wp-json\/wp\/v2\/pages\/28\/revisions"}],"predecessor-version":[{"id":3449,"href":"https:\/\/estrella.slgproperty.com\/pl\/wp-json\/wp\/v2\/pages\/28\/revisions\/3449"}],"wp:attachment":[{"href":"https:\/\/estrella.slgproperty.com\/pl\/wp-json\/wp\/v2\/media?parent=28"}],"curies":[{"name":"wp","href":"https:\/\/api.w.org\/{rel}","templated":true}]}}